{"id":564,"date":"2025-03-20T08:08:59","date_gmt":"2025-03-20T08:08:59","guid":{"rendered":"https:\/\/runningsociety.de\/?page_id=564"},"modified":"2025-04-19T13:22:55","modified_gmt":"2025-04-19T13:22:55","slug":"datenschutz","status":"publish","type":"page","link":"https:\/\/runningsociety.de\/de\/datenschutz\/","title":{"rendered":"Datenschutz"},"content":{"rendered":"<div id=\"fws_69edd3a525c38\"  data-column-margin=\"default\" data-midnight=\"light\" data-top-percent=\"8%\"  class=\"wpb_row vc_row-fluid vc_row full-width-section  top_padding_tablet_12pct\"  style=\"padding-top: calc(100vw * 0.08); padding-bottom: 0px; \"><div class=\"row-bg-wrap\" data-bg-animation=\"none\" data-bg-animation-delay=\"\" data-bg-overlay=\"false\"><div class=\"inner-wrap row-bg-layer\" ><div class=\"row-bg viewport-desktop using-bg-color\"  style=\"background-color: #000000; \"><\/div><\/div><\/div><div class=\"row_col_wrap_12 col span_12 light left\">\n\t<div  class=\"vc_col-sm-2 wpb_column column_container vc_column_container col has-animation no-extra-padding inherit_tablet inherit_phone\"  data-padding-pos=\"all\" data-has-bg-color=\"false\" data-bg-color=\"\" data-bg-opacity=\"1\" data-animation=\"slight-fade-in-from-bottom\" data-delay=\"0\" >\n\t\t<div class=\"vc_column-inner\" >\n\t\t\t<div class=\"wpb_wrapper\">\n\t\t\t\t\n\t\t\t<\/div> \n\t\t<\/div>\n\t<\/div> \n\n\t<div  class=\"vc_col-sm-8 wpb_column column_container vc_column_container col no-extra-padding inherit_tablet inherit_phone\"  data-padding-pos=\"all\" data-has-bg-color=\"false\" data-bg-color=\"\" data-bg-opacity=\"1\" data-animation=\"\" data-delay=\"0\" >\n\t\t<div class=\"vc_column-inner\" >\n\t\t\t<div class=\"wpb_wrapper\">\n\t\t\t\t<div class=\"nectar-split-heading  font_size_11vw font_size_max_200px font_size_tablet_11vw font_line_height_0-9\" data-align=\"default\" data-m-align=\"inherit\" data-text-effect=\"none\" data-animation-type=\"line-reveal-by-space\" data-animation-delay=\"0\" data-animation-offset=\"\" data-m-rm-animation=\"\" data-stagger=\"\" data-custom-font-size=\"true\" style=\"font-size: 11vw; line-height: 12.1vw;\"><h1 >Datenschutz<\/h1><\/div>\n\t\t\t<\/div> \n\t\t<\/div>\n\t<\/div> \n\n\t<div  class=\"vc_col-sm-2 wpb_column column_container vc_column_container col no-extra-padding inherit_tablet inherit_phone\"  data-padding-pos=\"all\" data-has-bg-color=\"false\" data-bg-color=\"\" data-bg-opacity=\"1\" data-animation=\"\" data-delay=\"0\" >\n\t\t<div class=\"vc_column-inner\" >\n\t\t\t<div class=\"wpb_wrapper\">\n\t\t\t\t\n\t\t\t<\/div> \n\t\t<\/div>\n\t<\/div> \n<\/div><\/div>\n\t\t<div id=\"fws_69edd3a52675b\"  data-column-margin=\"default\" data-midnight=\"light\" data-top-percent=\"8%\" data-bottom-percent=\"8%\"  class=\"wpb_row vc_row-fluid vc_row full-width-section  bottom_padding_tablet_12pct\"  style=\"padding-top: calc(100vw * 0.08); padding-bottom: calc(100vw * 0.08); \"><div class=\"row-bg-wrap\" data-bg-animation=\"none\" data-bg-animation-delay=\"\" data-bg-overlay=\"false\"><div class=\"inner-wrap row-bg-layer\" ><div class=\"row-bg viewport-desktop using-bg-color\"  style=\"background-color: #000000; \"><\/div><\/div><\/div><div class=\"row_col_wrap_12 col span_12 light left\">\n\t<div  class=\"vc_col-sm-2 wpb_column column_container vc_column_container col has-animation no-extra-padding inherit_tablet inherit_phone\"  data-padding-pos=\"all\" data-has-bg-color=\"false\" data-bg-color=\"\" data-bg-opacity=\"1\" data-animation=\"slight-fade-in-from-bottom\" data-delay=\"0\" >\n\t\t<div class=\"vc_column-inner\" >\n\t\t\t<div class=\"wpb_wrapper\">\n\t\t\t\t\n\t\t\t<\/div> \n\t\t<\/div>\n\t<\/div> \n\n\t<div  class=\"vc_col-sm-8 wpb_column column_container vc_column_container col no-extra-padding inherit_tablet inherit_phone\"  data-padding-pos=\"all\" data-has-bg-color=\"false\" data-bg-color=\"\" data-bg-opacity=\"1\" data-animation=\"\" data-delay=\"0\" >\n\t\t<div class=\"vc_column-inner\" >\n\t\t\t<div class=\"wpb_wrapper\">\n\t\t\t\t\n<div class=\"wpb_text_column wpb_content_element\" >\n\t<div class=\"wpb_wrapper\">\n\t\t<p class=\"font_8 wixui-rich-text__text\"><strong><span class=\"wixui-rich-text__text\">1. Einleitung<\/span><\/strong><\/p>\n<p class=\"font_8 wixui-rich-text__text\"><span class=\"wixui-rich-text__text\">Der Schutz Ihrer personenbezogenen Daten ist uns, der runningsociety GmbH, ein besonderes Anliegen. Wir verarbeiten Ihre Daten daher ausschlie\u00dflich auf Grundlage der gesetzlichen Bestimmungen, insbesondere der Datenschutz-Grundverordnung (DSGVO) und des Bundesdatenschutzgesetzes (BDSG). In dieser Datenschutzerkl\u00e4rung informieren wir Sie \u00fcber die wichtigsten Aspekte der Datenverarbeitung auf unserer Webseite\u00a0<a class=\"wixui-rich-text__text\" href=\"https:\/\/runningsociety.de\/de\/\" target=\"_blank\" rel=\"noreferrer noopener\">www.runningsociety.de<\/a>.<\/span><\/p>\n<p class=\"font_8 wixui-rich-text__text\"><strong><span class=\"wixui-rich-text__text\">2. Verantwortlicher<\/span><\/strong><\/p>\n<p class=\"font_8 wixui-rich-text__text\"><span class=\"wixui-rich-text__text\">Verantwortlich f\u00fcr die Datenverarbeitung auf dieser Webseite ist:<br \/>\n<\/span><span class=\"wixui-rich-text__text\">runningsociety GmbH<br \/>\n<\/span><span class=\"wixui-rich-text__text\">Karlsbergerstr. 9, 87471 Durach<br \/>\n<\/span><span class=\"wixui-rich-text__text\"><a class=\"wixui-rich-text__text\" href=\"mailto:info@runningsociety.de\" target=\"_self\">connect@runningsociety.de<\/a><\/span><\/p>\n<p class=\"font_8 wixui-rich-text__text\"><strong><span class=\"wixui-rich-text__text\">3. Erhobene Daten<\/span><\/strong><\/p>\n<p class=\"font_8 wixui-rich-text__text\"><span class=\"wixui-rich-text__text\">Wir erheben personenbezogene Daten, wenn Sie unsere Webseite besuchen oder unsere Dienste nutzen. Dazu geh\u00f6ren:<\/span><\/p>\n<ul class=\"font_8 wix-list-text-align wixui-rich-text__text\">\n<li class=\"wixui-rich-text__text\">\n<p class=\"font_8 wixui-rich-text__text\"><span class=\"wixui-rich-text__text\">Daten, die Sie aktiv bereitstellen: Name, Adresse, E-Mail-Adresse, Telefonnummer, Zahlungsinformationen (z. B. bei Bestellungen).<\/span><\/p>\n<\/li>\n<li class=\"wixui-rich-text__text\">\n<p class=\"font_8 wixui-rich-text__text\"><span class=\"wixui-rich-text__text\">Automatisch erhobene Daten: IP-Adresse, Browsertyp, Betriebssystem, besuchte Seiten, Zugriffszeiten (z. B. durch Cookies).<\/span><\/p>\n<\/li>\n<\/ul>\n<p class=\"font_8 wixui-rich-text__text\"><strong><span class=\"wixui-rich-text__text\">4. Zweck und Rechtsgrundlagen der Datenverarbeitung<\/span><\/strong><\/p>\n<p class=\"font_8 wixui-rich-text__text\"><span class=\"wixui-rich-text__text\">Die Verarbeitung Ihrer Daten erfolgt zu folgenden Zwecken:<\/span><\/p>\n<ul class=\"font_8 wix-list-text-align wixui-rich-text__text\">\n<li class=\"wixui-rich-text__text\">\n<p class=\"font_8 wixui-rich-text__text\"><span class=\"wixui-rich-text__text\">Bestellabwicklung und Vertragserf\u00fcllung (Art. 6 Abs. 1 lit. b DSGVO): Verarbeitung von Daten f\u00fcr Kaufvertr\u00e4ge und Versand.<\/span><\/p>\n<\/li>\n<li class=\"wixui-rich-text__text\">\n<p class=\"font_8 wixui-rich-text__text\"><span class=\"wixui-rich-text__text\">Kommunikation (Art. 6 Abs. 1 lit. a DSGVO): Bearbeitung von Kontaktanfragen und Kundenservice.<\/span><\/p>\n<\/li>\n<li class=\"wixui-rich-text__text\">\n<p class=\"font_8 wixui-rich-text__text\"><span class=\"wixui-rich-text__text\">Analyse und Optimierung (Art. 6 Abs. 1 lit. f DSGVO): Verbesserung der Webseite durch Webanalyse-Tools.<\/span><\/p>\n<\/li>\n<li class=\"wixui-rich-text__text\">\n<p class=\"font_8 wixui-rich-text__text\"><span class=\"wixui-rich-text__text\">Erf\u00fcllung rechtlicher Verpflichtungen (Art. 6 Abs. 1 lit. c DSGVO): Einhaltung gesetzlicher Vorgaben (z. B. Steuerrecht).<\/span><\/p>\n<\/li>\n<\/ul>\n<p class=\"font_8 wixui-rich-text__text\"><strong><span class=\"wixui-rich-text__text\">5. Weitergabe von Daten an Dritte<\/span><\/strong><\/p>\n<p class=\"font_8 wixui-rich-text__text\"><span class=\"wixui-rich-text__text\">Wir geben Ihre Daten nur weiter, wenn dies erforderlich ist, z. B. an:<\/span><\/p>\n<ul class=\"font_8 wix-list-text-align wixui-rich-text__text\">\n<li class=\"wixui-rich-text__text\">\n<p class=\"font_8 wixui-rich-text__text\"><span class=\"wixui-rich-text__text\">Zahlungsdienstleister: Abwicklung von Zahlungen (z. B. PayPal, Kreditkartenanbieter).<\/span><\/p>\n<\/li>\n<li class=\"wixui-rich-text__text\">\n<p class=\"font_8 wixui-rich-text__text\"><span class=\"wixui-rich-text__text\">Versanddienstleister: Zustellung von Bestellungen.<\/span><\/p>\n<\/li>\n<li class=\"wixui-rich-text__text\">\n<p class=\"font_8 wixui-rich-text__text\"><span class=\"wixui-rich-text__text\">Dienstleister f\u00fcr Webanalyse: Google Analytics (siehe Abschnitt 6).<\/span><\/p>\n<\/li>\n<\/ul>\n<p class=\"font_8 wixui-rich-text__text\"><span class=\"wixui-rich-text__text\">In allen F\u00e4llen achten wir darauf, dass Ihre Daten sicher verarbeitet werden.<\/span><\/p>\n<p class=\"font_8 wixui-rich-text__text\"><strong><span class=\"wixui-rich-text__text\">6. Einsatz von Cookies und Webanalyse<\/span><\/strong><\/p>\n<p class=\"font_8 wixui-rich-text__text\"><span class=\"wixui-rich-text__text\">Unsere Webseite verwendet Cookies, um die Nutzung zu erleichtern und zu analysieren. Sie k\u00f6nnen Cookies \u00fcber Ihre Browsereinstellungen deaktivieren, jedoch k\u00f6nnen dann einige Funktionen der Webseite eingeschr\u00e4nkt sein.<\/span><\/p>\n<ul class=\"font_8 wix-list-text-align wixui-rich-text__text\">\n<li class=\"wixui-rich-text__text\">\n<p class=\"font_8 wixui-rich-text__text\"><span class=\"wixui-rich-text__text\">Google Analytics: Zur Analyse verwenden wir Google Analytics. Dabei werden Daten anonymisiert erhoben und gespeichert.\u00a0<\/span><\/p>\n<\/li>\n<\/ul>\n<p class=\"font_8 wixui-rich-text__text\"><strong><span class=\"wixui-rich-text__text\">7. Dauer der Datenspeicherung<\/span><\/strong><\/p>\n<p class=\"font_8 wixui-rich-text__text\"><span class=\"wixui-rich-text__text\">Wir speichern Ihre personenbezogenen Daten nur so lange, wie dies f\u00fcr die jeweiligen Zwecke erforderlich ist oder wir gesetzlich dazu verpflichtet sind. Daten aus abgeschlossenen Vertr\u00e4gen bewahren wir gem\u00e4\u00df steuerlicher und handelsrechtlicher Vorschriften f\u00fcr mindestens 10 Jahre auf.<\/span><\/p>\n<p class=\"font_8 wixui-rich-text__text\"><strong><span class=\"wixui-rich-text__text\">8. Ihre Rechte<\/span><\/strong><\/p>\n<p class=\"font_8 wixui-rich-text__text\"><span class=\"wixui-rich-text__text\">Sie haben das Recht auf:<\/span><\/p>\n<ul class=\"font_8 wix-list-text-align wixui-rich-text__text\">\n<li class=\"wixui-rich-text__text\">\n<p class=\"font_8 wixui-rich-text__text\"><span class=\"wixui-rich-text__text\">Auskunft \u00fcber die von uns verarbeiteten Daten.<\/span><\/p>\n<\/li>\n<li class=\"wixui-rich-text__text\">\n<p class=\"font_8 wixui-rich-text__text\"><span class=\"wixui-rich-text__text\">Berichtigung unrichtiger oder unvollst\u00e4ndiger Daten.<\/span><\/p>\n<\/li>\n<li class=\"wixui-rich-text__text\">\n<p class=\"font_8 wixui-rich-text__text\"><span class=\"wixui-rich-text__text\">L\u00f6schung Ihrer Daten, soweit keine rechtlichen Aufbewahrungspflichten bestehen.<\/span><\/p>\n<\/li>\n<li class=\"wixui-rich-text__text\">\n<p class=\"font_8 wixui-rich-text__text\"><span class=\"wixui-rich-text__text\">Einschr\u00e4nkung der Verarbeitung, wenn die Voraussetzungen vorliegen.<\/span><\/p>\n<\/li>\n<li class=\"wixui-rich-text__text\">\n<p class=\"font_8 wixui-rich-text__text\"><span class=\"wixui-rich-text__text\">Daten\u00fcbertragbarkeit der von Ihnen bereitgestellten Daten.<\/span><\/p>\n<\/li>\n<li class=\"wixui-rich-text__text\">\n<p class=\"font_8 wixui-rich-text__text\"><span class=\"wixui-rich-text__text\">Widerspruch gegen die Verarbeitung Ihrer Daten auf Grundlage eines berechtigten Interesses.<\/span><\/p>\n<\/li>\n<\/ul>\n<p class=\"font_8 wixui-rich-text__text\"><span class=\"wixui-rich-text__text\">Wenden Sie sich hierzu an: <a class=\"wixui-rich-text__text\" href=\"mailto:connect@runningsociety.de\" data-auto-recognition=\"true\">connect@runningsociety.de<\/a>.<\/span><\/p>\n<p class=\"font_8 wixui-rich-text__text\"><strong><span class=\"wixui-rich-text__text\">9. Beschwerderecht bei der Aufsichtsbeh\u00f6rde<\/span><\/strong><\/p>\n<p class=\"font_8 wixui-rich-text__text\"><span class=\"wixui-rich-text__text\">Wenn Sie der Meinung sind, dass die Verarbeitung Ihrer Daten gegen die DSGVO verst\u00f6\u00dft, haben Sie das Recht, eine Beschwerde bei einer Datenschutzaufsichtsbeh\u00f6rde einzureichen.<\/span><\/p>\n<p class=\"font_8 wixui-rich-text__text\"><strong><span class=\"wixui-rich-text__text\">10. Aktualisierung der Datenschutzerkl\u00e4rung<\/span><\/strong><\/p>\n<p class=\"font_8 wixui-rich-text__text\"><span class=\"wixui-rich-text__text\">Wir behalten uns vor, diese Datenschutzerkl\u00e4rung bei Bedarf zu \u00e4ndern. Die jeweils aktuelle Version finden Sie auf unserer Webseite.<\/span><\/p>\n<p class=\"font_8 wixui-rich-text__text\"><strong><span class=\"wixui-rich-text__text\">Kontakt<\/span><\/strong><\/p>\n<p class=\"font_8 wixui-rich-text__text\"><span class=\"wixui-rich-text__text\">Bei Fragen zur Verarbeitung Ihrer Daten wenden Sie sich bitte an:<br class=\"wixui-rich-text__text\" \/>runningsociety GmbH<br class=\"wixui-rich-text__text\" \/>Karlsbergerstr. 9, 87471 Durach<br class=\"wixui-rich-text__text\" \/><a class=\"wixui-rich-text__text\" href=\"mailto:info@runningsociety.de\" target=\"_self\">connect@runningsociety.de<\/a><\/span><\/p>\n\t<\/div>\n<\/div>\n\n\n\n\n\t\t\t<\/div> \n\t\t<\/div>\n\t<\/div> \n\n\t<div  class=\"vc_col-sm-2 wpb_column column_container vc_column_container col no-extra-padding inherit_tablet inherit_phone\"  data-padding-pos=\"all\" data-has-bg-color=\"false\" data-bg-color=\"\" data-bg-opacity=\"1\" data-animation=\"\" data-delay=\"0\" >\n\t\t<div class=\"vc_column-inner\" >\n\t\t\t<div class=\"wpb_wrapper\">\n\t\t\t\t\n\t\t\t<\/div> \n\t\t<\/div>\n\t<\/div> \n<\/div><\/div>","protected":false},"excerpt":{"rendered":"Datenschutz 1. Einleitung Der Schutz Ihrer personenbezogenen Daten ist uns, der runningsociety GmbH, ein besonderes Anliegen. Wir verarbeiten Ihre Daten daher ausschlie\u00dflich auf Grundlage der gesetzlichen Bestimmungen, insbesondere der Datenschutz-Grundverordnung...","protected":false},"author":4,"featured_media":0,"parent":0,"menu_order":5,"comment_status":"closed","ping_status":"closed","template":"","meta":{"inline_featured_image":false,"iawp_total_views":43,"footnotes":""},"class_list":["post-564","page","type-page","status-publish"],"yoast_head":"<!-- This site is optimized with the Yoast SEO plugin v27.4 - https:\/\/yoast.com\/product\/yoast-seo-wordpress\/ -->\n<title>Datenschutz - runningsociety<\/title>\n<meta name=\"description\" content=\"runningsociety\" \/>\n<meta name=\"robots\" content=\"noindex, nofollow\" \/>\n<meta property=\"og:locale\" content=\"de_DE\" \/>\n<meta property=\"og:type\" content=\"article\" \/>\n<meta property=\"og:title\" content=\"Datenschutz - runningsociety\" \/>\n<meta property=\"og:description\" content=\"runningsociety\" \/>\n<meta property=\"og:url\" content=\"https:\/\/runningsociety.org\/datenschutz\/\" \/>\n<meta property=\"og:site_name\" content=\"runningsociety\" \/>\n<meta property=\"article:modified_time\" content=\"2025-04-19T13:22:55+00:00\" \/>\n<meta name=\"twitter:card\" content=\"summary_large_image\" \/>\n<meta name=\"twitter:label1\" content=\"Gesch\u00e4tzte Lesezeit\" \/>\n\t<meta name=\"twitter:data1\" content=\"6\u00a0Minuten\" \/>\n<script type=\"application\/ld+json\" class=\"yoast-schema-graph\">{\"@context\":\"https:\\\/\\\/schema.org\",\"@graph\":[{\"@type\":\"WebPage\",\"@id\":\"https:\\\/\\\/runningsociety.org\\\/datenschutz\\\/\",\"url\":\"https:\\\/\\\/runningsociety.org\\\/datenschutz\\\/\",\"name\":\"Datenschutz - runningsociety\",\"isPartOf\":{\"@id\":\"https:\\\/\\\/runningsociety.de\\\/#website\"},\"datePublished\":\"2025-03-20T08:08:59+00:00\",\"dateModified\":\"2025-04-19T13:22:55+00:00\",\"description\":\"runningsociety\",\"breadcrumb\":{\"@id\":\"https:\\\/\\\/runningsociety.org\\\/datenschutz\\\/#breadcrumb\"},\"inLanguage\":\"de\",\"potentialAction\":[{\"@type\":\"ReadAction\",\"target\":[\"https:\\\/\\\/runningsociety.org\\\/datenschutz\\\/\"]}]},{\"@type\":\"BreadcrumbList\",\"@id\":\"https:\\\/\\\/runningsociety.org\\\/datenschutz\\\/#breadcrumb\",\"itemListElement\":[{\"@type\":\"ListItem\",\"position\":1,\"name\":\"Startseite\",\"item\":\"https:\\\/\\\/runningsociety.de\\\/\"},{\"@type\":\"ListItem\",\"position\":2,\"name\":\"Datenschutz\"}]},{\"@type\":\"WebSite\",\"@id\":\"https:\\\/\\\/runningsociety.de\\\/#website\",\"url\":\"https:\\\/\\\/runningsociety.de\\\/\",\"name\":\"Munich Running Society\",\"description\":\"munich's strongest running crew.\",\"publisher\":{\"@id\":\"https:\\\/\\\/runningsociety.de\\\/#organization\"},\"potentialAction\":[{\"@type\":\"SearchAction\",\"target\":{\"@type\":\"EntryPoint\",\"urlTemplate\":\"https:\\\/\\\/runningsociety.de\\\/?s={search_term_string}\"},\"query-input\":{\"@type\":\"PropertyValueSpecification\",\"valueRequired\":true,\"valueName\":\"search_term_string\"}}],\"inLanguage\":\"de\"},{\"@type\":\"Organization\",\"@id\":\"https:\\\/\\\/runningsociety.de\\\/#organization\",\"name\":\"Munich Running Society\",\"url\":\"https:\\\/\\\/runningsociety.de\\\/\",\"logo\":{\"@type\":\"ImageObject\",\"inLanguage\":\"de\",\"@id\":\"https:\\\/\\\/runningsociety.de\\\/#\\\/schema\\\/logo\\\/image\\\/\",\"url\":\"https:\\\/\\\/runningsociety.de\\\/wp-content\\\/uploads\\\/2025\\\/03\\\/munich-running-society-logo-black.webp\",\"contentUrl\":\"https:\\\/\\\/runningsociety.de\\\/wp-content\\\/uploads\\\/2025\\\/03\\\/munich-running-society-logo-black.webp\",\"width\":1500,\"height\":1500,\"caption\":\"Munich Running Society\"},\"image\":{\"@id\":\"https:\\\/\\\/runningsociety.de\\\/#\\\/schema\\\/logo\\\/image\\\/\"},\"sameAs\":[\"https:\\\/\\\/www.instagram.com\\\/munich.run\\\/\"]}]}<\/script>\n<!-- \/ Yoast SEO plugin. -->","yoast_head_json":{"title":"Datenschutz - runningsociety","description":"runningsociety","robots":{"index":"noindex","follow":"nofollow"},"og_locale":"de_DE","og_type":"article","og_title":"Datenschutz - runningsociety","og_description":"runningsociety","og_url":"https:\/\/runningsociety.org\/datenschutz\/","og_site_name":"runningsociety","article_modified_time":"2025-04-19T13:22:55+00:00","twitter_card":"summary_large_image","twitter_misc":{"Gesch\u00e4tzte Lesezeit":"6\u00a0Minuten"},"schema":{"@context":"https:\/\/schema.org","@graph":[{"@type":"WebPage","@id":"https:\/\/runningsociety.org\/datenschutz\/","url":"https:\/\/runningsociety.org\/datenschutz\/","name":"Datenschutz - runningsociety","isPartOf":{"@id":"https:\/\/runningsociety.de\/#website"},"datePublished":"2025-03-20T08:08:59+00:00","dateModified":"2025-04-19T13:22:55+00:00","description":"runningsociety","breadcrumb":{"@id":"https:\/\/runningsociety.org\/datenschutz\/#breadcrumb"},"inLanguage":"de","potentialAction":[{"@type":"ReadAction","target":["https:\/\/runningsociety.org\/datenschutz\/"]}]},{"@type":"BreadcrumbList","@id":"https:\/\/runningsociety.org\/datenschutz\/#breadcrumb","itemListElement":[{"@type":"ListItem","position":1,"name":"Startseite","item":"https:\/\/runningsociety.de\/"},{"@type":"ListItem","position":2,"name":"Datenschutz"}]},{"@type":"WebSite","@id":"https:\/\/runningsociety.de\/#website","url":"https:\/\/runningsociety.de\/","name":"Munich Running Society","description":"munich's strongest running crew.","publisher":{"@id":"https:\/\/runningsociety.de\/#organization"},"potentialAction":[{"@type":"SearchAction","target":{"@type":"EntryPoint","urlTemplate":"https:\/\/runningsociety.de\/?s={search_term_string}"},"query-input":{"@type":"PropertyValueSpecification","valueRequired":true,"valueName":"search_term_string"}}],"inLanguage":"de"},{"@type":"Organization","@id":"https:\/\/runningsociety.de\/#organization","name":"Munich Running Society","url":"https:\/\/runningsociety.de\/","logo":{"@type":"ImageObject","inLanguage":"de","@id":"https:\/\/runningsociety.de\/#\/schema\/logo\/image\/","url":"https:\/\/runningsociety.de\/wp-content\/uploads\/2025\/03\/munich-running-society-logo-black.webp","contentUrl":"https:\/\/runningsociety.de\/wp-content\/uploads\/2025\/03\/munich-running-society-logo-black.webp","width":1500,"height":1500,"caption":"Munich Running Society"},"image":{"@id":"https:\/\/runningsociety.de\/#\/schema\/logo\/image\/"},"sameAs":["https:\/\/www.instagram.com\/munich.run\/"]}]}},"_links":{"self":[{"href":"https:\/\/runningsociety.de\/de\/wp-json\/wp\/v2\/pages\/564","targetHints":{"allow":["GET"]}}],"collection":[{"href":"https:\/\/runningsociety.de\/de\/wp-json\/wp\/v2\/pages"}],"about":[{"href":"https:\/\/runningsociety.de\/de\/wp-json\/wp\/v2\/types\/page"}],"author":[{"embeddable":true,"href":"https:\/\/runningsociety.de\/de\/wp-json\/wp\/v2\/users\/4"}],"replies":[{"embeddable":true,"href":"https:\/\/runningsociety.de\/de\/wp-json\/wp\/v2\/comments?post=564"}],"version-history":[{"count":8,"href":"https:\/\/runningsociety.de\/de\/wp-json\/wp\/v2\/pages\/564\/revisions"}],"predecessor-version":[{"id":807,"href":"https:\/\/runningsociety.de\/de\/wp-json\/wp\/v2\/pages\/564\/revisions\/807"}],"wp:attachment":[{"href":"https:\/\/runningsociety.de\/de\/wp-json\/wp\/v2\/media?parent=564"}],"curies":[{"name":"wp","href":"https:\/\/api.w.org\/{rel}","templated":true}]}}